{"id":4,"date":"2015-03-27T18:25:52","date_gmt":"2015-03-27T17:25:52","guid":{"rendered":"http:\/\/reinerzimmermann.de\/?page_id=4"},"modified":"2023-12-28T12:11:49","modified_gmt":"2023-12-28T11:11:49","slug":"einfach-zum-traumauto","status":"publish","type":"page","link":"https:\/\/reinerzimmermann.de\/","title":{"rendered":"Einfach zum Traumauto"},"content":{"rendered":"<ul>\n<li>Sie brauchen ein Auto, f\u00fchlen sich aber \u00fcberfordert, die Aussagen von H\u00e4ndlern einzusch\u00e4tzen?<\/li>\n<li>Sie wollen Ihr altes Auto verkaufen, f\u00fchlen sich aber \u00fcbervorteilt?<\/li>\n<li>Sie brauchen eine Wartung oder Reparatur und kennen keine vertrauensw\u00fcrdige, g\u00fcnstige Werkstatt?<\/li>\n<li>Sie m\u00f6chten beraten werden, ohne den Druck, beim Sie Beratenden ein Auto zu kaufen?<\/li>\n<\/ul>\n<p>Nehmen Sie meine Hilfe an!<\/p>\n<ul>\n<li>Ich suche f\u00fcr Sie Ihr Traumauto, besuche mit Ihnen zusammen die Verk\u00e4ufer, helfe Ihnen bei der Begutachtung des Fahrzeuges und berate Sie bei der Zulassung \/ Ummeldung.<\/li>\n<li>Ihr altes Auto kann ich f\u00fcr Sie verkaufen. Das bringt mehr Geld f\u00fcr Sie und Sie haben keinen \u00c4rger mit unversch\u00e4mten Anrufern, vorgeblichen Interessenten, die viel zu wenig Geld bieten, etc&#8230;<\/li>\n<li>Als Dienstleistung kann ich auch die komplette Organisation der Abmeldung, Anmeldung, alle Beh\u00f6rdeng\u00e4nge und vieles mehr f\u00fcr Sie \u00fcbernehmen.<\/li>\n<li>Und ich kann Ihnen vertrauensw\u00fcrdige Werkst\u00e4tten f\u00fcr g\u00fcnstige Reparaturen, Motorenspezialisten, Oldtimer-Kenner, uvam&#8230; mehr vermitteln und, wenn Sie w\u00fcnschen, auch den kompletten Ablauf des Werkstattbesuchs f\u00fcr Sie \u00fcbernehmen.<\/li>\n<\/ul>\n<p>Das alles auf Provisionsbasis. Es entstehen nur minimale Grundkosten, wenn ich f\u00fcr Sie Dienstleistungen \u00fcbernehme, die nur meine direkten Unkosten decken. Nehmen Sie Kontakt mit mir auf. Gerne per Mail oder direkt telefonisch.<\/p>\n<p>Arbeitsgebiet: Vorwiegend in der Metropolregion Rhein-Neckar. Bundesweites Arbeiten ist m\u00f6glich.<\/p>\n<p>Hinweis: Diese Seite dient inzwischen (Stand Ende 2023) nur der Information. Ich nehme keine gewerblichen Auftr\u00e4ge an.<\/p>\n<p>Kontakt<br \/>\nMobil 0172 &#8211; 636 3331<br \/>\nMail info &#8222;@&#8220; reinerzimmermann.de (ohne Leer- und Anf\u00fchrungszeichen)<\/p>\n","protected":false},"excerpt":{"rendered":"<p>Sie brauchen ein Auto, f\u00fchlen sich aber \u00fcberfordert, die Aussagen von H\u00e4ndlern einzusch\u00e4tzen? Sie wollen Ihr altes Auto verkaufen, f\u00fchlen sich aber \u00fcbervorteilt? Sie brauchen eine Wartung oder Reparatur und kennen keine vertrauensw\u00fcrdige, g\u00fcnstige Werkstatt? Sie m\u00f6chten beraten werden, ohne den Druck, beim Sie Beratenden ein Auto zu kaufen? Nehmen Sie meine Hilfe an! Ich &hellip; <a href=\"https:\/\/reinerzimmermann.de\/\" class=\"more-link\"><span class=\"screen-reader-text\">Einfach zum Traumauto<\/span> weiterlesen <span class=\"meta-nav\">&rarr;<\/span><\/a><\/p>\n","protected":false},"author":1,"featured_media":0,"parent":0,"menu_order":0,"comment_status":"closed","ping_status":"closed","template":"","meta":{"footnotes":""},"_links":{"self":[{"href":"https:\/\/reinerzimmermann.de\/index.php?rest_route=\/wp\/v2\/pages\/4"}],"collection":[{"href":"https:\/\/reinerzimmermann.de\/index.php?rest_route=\/wp\/v2\/pages"}],"about":[{"href":"https:\/\/reinerzimmermann.de\/index.php?rest_route=\/wp\/v2\/types\/page"}],"author":[{"embeddable":true,"href":"https:\/\/reinerzimmermann.de\/index.php?rest_route=\/wp\/v2\/users\/1"}],"replies":[{"embeddable":true,"href":"https:\/\/reinerzimmermann.de\/index.php?rest_route=%2Fwp%2Fv2%2Fcomments&post=4"}],"version-history":[{"count":6,"href":"https:\/\/reinerzimmermann.de\/index.php?rest_route=\/wp\/v2\/pages\/4\/revisions"}],"predecessor-version":[{"id":52,"href":"https:\/\/reinerzimmermann.de\/index.php?rest_route=\/wp\/v2\/pages\/4\/revisions\/52"}],"wp:attachment":[{"href":"https:\/\/reinerzimmermann.de\/index.php?rest_route=%2Fwp%2Fv2%2Fmedia&parent=4"}],"curies":[{"name":"wp","href":"https:\/\/api.w.org\/{rel}","templated":true}]}}